{"id":1625,"date":"2023-10-29T19:52:35","date_gmt":"2023-10-29T18:52:35","guid":{"rendered":"https:\/\/juniorgolfmasters.de\/?page_id=1625"},"modified":"2026-03-28T10:12:54","modified_gmt":"2026-03-28T09:12:54","slug":"condiciones-generales","status":"publish","type":"page","link":"https:\/\/jgm24.de\/es\/condiciones-generales\/","title":{"rendered":"Allgemeine Gesch\u00e4ftsbedingungen"},"content":{"rendered":"<h6 class=\"wp-block-heading\"><strong>Condiciones generales y condiciones de participaci\u00f3n en los eventos del Junior Golf Masters<\/strong><\/h6>\n\n\n\n<p><strong>El acontecimiento<\/strong><br>Torneos de golf para j\u00f3venes<br><strong>Organizador<\/strong><br>Junior Golf Masters, Angela Bickmann, Castroper Hellweg 529, 44805 Bochum denominado en lo sucesivo \u201cOrganizador\u201d.<br><strong>1. informaci\u00f3n general<br><\/strong>1.1 Las presentes Condiciones Generales (\u201eCGC\u201c) se aplican a la participaci\u00f3n en el evento arriba mencionado organizado por el organizador arriba mencionado.<br>Organizador. No ser\u00e1n v\u00e1lidas las condiciones divergentes del participante.<br>1.2 El organizador se reserva el derecho a realizar cambios y adiciones al presente reglamento. Los posibles cambios y adiciones ser\u00e1n v\u00e1lidos a trav\u00e9s del<br>Publicaci\u00f3n en el sitio web del organizador www.juniorgolfmasters.de.<br><strong>2. registro y celebraci\u00f3n del contrato<br><\/strong>2.1 La inscripci\u00f3n para participar en el evento s\u00f3lo es posible a trav\u00e9s del sitio web del organizador www.juniorgolfmasters.de.<br>2.2 Con la informaci\u00f3n facilitada en el sitio web, el organizador presenta una oferta para la celebraci\u00f3n de un contrato de compra. El participante acepta su oferta<br>para la celebraci\u00f3n de un contrato de compra al completar el proceso de pedido en su totalidad y finalizar el proceso de pago. La aceptaci\u00f3n efectiva del<br>La aceptaci\u00f3n de una oferta por parte del participante presupone que \u00e9ste ha rellenado todos los campos obligatorios del formulario de pedido y ha aceptado las presentes CGC.<br>2.3 El contrato de participaci\u00f3n en la manifestaci\u00f3n s\u00f3lo se perfeccionar\u00e1 una vez que el organizador haya confirmado la inscripci\u00f3n a los participantes.<br>confirmado por escrito por correo electr\u00f3nico. Las modificaciones y\/o adiciones al contrato deber\u00e1n hacerse por escrito. Esto tambi\u00e9n se aplica a la cancelaci\u00f3n del<br>Cl\u00e1usula de forma escrita.<br><strong>3. precios<br><\/strong>3.1 El precio indicado en la factura es el precio final y es vinculante para el participante.<br>3.2 Todos los precios incluyen el IVA, si procede.<br>3.3 Si se conceden precios especiales por descuentos, tambi\u00e9n se indicar\u00e1 por separado. Si no se indican descuentos, \u00e9stos pueden ser<br>no puede concederse. El descuento debe concederse introduciendo un c\u00f3digo de vale en el formulario de pedido.<br><strong>4. pago<br><\/strong>4.1 El pago se efectuar\u00e1 mediante los m\u00e9todos especificados en el sitio web. Todos los precios son pagaderos inmediatamente despu\u00e9s de la celebraci\u00f3n del contrato.<br>4.2 Si se devuelve un pago (por ejemplo, debido a fondos insuficientes en la cuenta especificada en el pedido), el participante ser\u00e1 responsable de cualquier p\u00e9rdida o da\u00f1o.<br>o a reembolsar los gastos derivados de la devoluci\u00f3n. Esto incluye, en particular, los gastos bancarios, as\u00ed como un<br>Tasa de tramitaci\u00f3n de 10,00 EUR por devoluci\u00f3n para su tramitaci\u00f3n por el organizador.<br>En caso de devoluci\u00f3n injustificada del cargo a la tarjeta de cr\u00e9dito, se cobrar\u00e1n 40,00 EUR en concepto de gastos de tramitaci\u00f3n.<br>En caso de devoluci\u00f3n, el organizador tiene derecho a rescindir el contrato inmediatamente. El participante pierde as\u00ed su derecho a participar.<br>al evento reservado. Esto no afectar\u00e1 a ninguna otra reclamaci\u00f3n del organizador contra el participante.<br><strong>5. derecho de anulaci\u00f3n<br><\/strong>5.1 Pol\u00edtica de anulaci\u00f3n<br>Derecho de cancelaci\u00f3n:<br>Salvo acuerdo en contrario de las partes, el derecho de rescisi\u00f3n no se aplica a los contratos de prestaci\u00f3n de servicios relacionados con<br>Actividades de ocio, si el contrato prev\u00e9 una fecha o un periodo espec\u00edficos para la prestaci\u00f3n (art\u00edculo 312g (2) n\u00ba 9 del BGB).<br><strong>Angela Bickmann<br>Junior Golf Masters<br>Castroper Hellweg 529<br>44805 Bochum<br>Correo electr\u00f3nico info@jgm24.de<\/strong><br>El plazo comienza tras la recepci\u00f3n de esta instrucci\u00f3n en forma de texto, pero no antes de la celebraci\u00f3n del contrato y tampoco antes del cumplimiento de las obligaciones de informaci\u00f3n del organizador de conformidad con el Art.246 \u00a7 2i. V. m. \u00a7 1Abs. 1 und 2EGBGB as\u00ed como las obligaciones seg\u00fan \u00a7 312gAbs. 1 Satz 1 BGB i.V.m.Art. 246 \u00a7 3 EGBGB. El env\u00edo a tiempo de la revocaci\u00f3n es suficiente para cumplir el plazo de revocaci\u00f3n.<br><strong>Consecuencias de la anulaci\u00f3n:<br><\/strong>En caso de cancelaci\u00f3n efectiva, deber\u00e1n devolverse los servicios recibidos por ambas partes y renunciar a cualquier beneficio derivado (por ejemplo, intereses). Puede<br>el participante no devuelve el servicio y el uso recibidos (por ejemplo, prestaciones de uso) o no los devuelve en parte o s\u00f3lo en un estado deteriorado<br>o entregarlos, deber\u00e1 indemnizar al organizador por su valor. La obligaci\u00f3n de reembolsar los pagos debe cumplirse en un plazo de 30 d\u00edas. El plazo comienza para el participante cuando env\u00eda la notificaci\u00f3n de cancelaci\u00f3n y para el organizador cuando la recibe.<br>Fin de la pol\u00edtica de anulaci\u00f3n<br>5.2 El derecho de cancelaci\u00f3n expirar\u00e1 prematuramente si el organizador, con el consentimiento expreso del participante, inicia el proceso de cancelaci\u00f3n antes de que finalice el plazo de cancelaci\u00f3n.<br>comienza la prestaci\u00f3n del servicio o el propio participante inicia la prestaci\u00f3n del servicio.<br><strong>6. retirada\/anulaci\u00f3n<br>6.1.<\/strong>\u00a0\u00a0\u00a0\u00a0\u00a0\u00a0\u00a0\u00a0\u00a0\u00a0Si el participante no desea asistir al evento, deber\u00e1 declarar su renuncia al contrato por escrito o por correo electr\u00f3nico al organizador.<br><strong>a)<\/strong>\u00a0\u00a0\u00a0\u00a0\u00a0\u00a0\u00a0\u00a0\u00a0\u00a0   En caso de retirada\/cancelaci\u00f3n hasta 5 d\u00edas antes del inicio del evento, se reembolsar\u00e1 la cuota de participaci\u00f3n sujeta a una tasa de tramitaci\u00f3n de 20%.<br><strong>b)<\/strong>\u00a0\u00a0\u00a0\u00a0\u00a0\u00a0\u00a0\u00a0\u00a0\u00a0\u00a0\u00a0\u00a0En caso de renuncia\/cancelaci\u00f3n con menos de 5 d\u00edas de antelaci\u00f3n al inicio del evento, no se realizar\u00e1 ning\u00fan reembolso.<br><strong>7. ventajas<br><\/strong>7.1 El alcance de la prestaci\u00f3n contractual en el marco del evento viene determinado por la informaci\u00f3n que figura en el sitio web del evento. En caso de contradicciones y en<br>En cualquier caso, la descripci\u00f3n del servicio que figura en la factura es decisiva.<br>7.2 Si los servicios no se prestan de conformidad con el contrato, el participante tiene derecho a una reparaci\u00f3n. Los defectos deben comunicarse inmediatamente. Las reclamaciones por<br>El reembolso de la cuota de participaci\u00f3n debida a servicios obviamente no prestados de conformidad con el contrato deber\u00e1 efectuarse en un plazo de 14 d\u00edas a partir de la celebraci\u00f3n del contrato.<br>evento.<br>7.3 El viaje, el alojamiento y el catering no est\u00e1n incluidos en la oferta del evento, a menos que los servicios de este tipo est\u00e9n incluidos en el precio.<br>La descripci\u00f3n del evento figura expresamente en la descripci\u00f3n del evento. Si un socio contractual no acepta total o parcialmente los servicios debidamente ofrecidos<br>reclamaci\u00f3n, no hay derecho al reembolso de la cuota de participaci\u00f3n.<br><strong>8. cancelaci\u00f3n del acto<br><\/strong>8.1 El organizador tambi\u00e9n podr\u00e1 cancelar el acto en un plazo breve por razones de urgencia. Esto tambi\u00e9n se aplica a los programas de apoyo y nocturnos.<br>8.2 En caso de anulaci\u00f3n de la manifestaci\u00f3n, el Organizador reembolsar\u00e1 la totalidad del importe abonado en un plazo de 14 d\u00edas. Cualquier<br>No se reembolsar\u00e1n los gastos del participante.<br><strong>9. im\u00e1genes\/fotograf\u00edas<br><\/strong>9.1 Los participantes en el evento aceptan de forma irrevocable y gratuita que el organizador tenga derecho a realizar grabaciones de imagen y\/o sonido del evento.<br>crear, reproducir, difundir o hacer difundir cualquier dato personal que vaya m\u00e1s all\u00e1 de la reproducci\u00f3n de un acontecimiento de actualidad y en<br>medios audiovisuales.<br><strong>10. responsabilidad<br><\/strong>10.1 El organizador es responsable<br>en caso de incumplimiento de las obligaciones contractuales materiales por dolo o negligencia. La cuant\u00eda de la responsabilidad se limita al importe de la<br>Queda excluida toda responsabilidad por da\u00f1os indirectos y p\u00e9rdidas econ\u00f3micas (por ejemplo, lucro cesante).<br>en caso contrario, s\u00f3lo por da\u00f1os causados por dolo o negligencia grave. El importe de la responsabilidad se limita a la cuant\u00eda del<br>Queda excluida toda responsabilidad por da\u00f1os indirectos y p\u00e9rdidas econ\u00f3micas (por ejemplo, lucro cesante).<br>10.2 Estas limitaciones y exclusiones de responsabilidad no se aplican a<br>Reclamaciones en virtud de la Ley de Responsabilidad por Productos Defectuosos;<br>Reclamaciones por comportamiento fraudulento de un socio contractual;<br>Reclamaciones derivadas de la responsabilidad por las caracter\u00edsticas de la contrataci\u00f3n garantizada;<br>Da\u00f1os resultantes de lesiones a la vida, la integridad f\u00edsica o la salud<br>10.3 Adem\u00e1s, el Organizador y sus auxiliares ejecutivos no ser\u00e1n responsables de las perturbaciones de cualquier tipo causadas por circunstancias ajenas a su voluntad.<br>de influencia.<br>10.4 Queda excluida la responsabilidad por da\u00f1os causados durante el viaje de ida y vuelta a los lugares del evento, as\u00ed como por p\u00e9rdidas y accidentes durante el evento.<br>- excluidos en la medida permitida por la ley.<br><strong>11. disposiciones finales<br><\/strong>11.1 Se aplicar\u00e1 exclusivamente el derecho de la Rep\u00fablica Federal de Alemania, con exclusi\u00f3n de la Convenci\u00f3n de las Naciones Unidas sobre los Contratos de Compraventa Internacional de Mercader\u00edas. El lugar de jurisdicci\u00f3n es Bochum.<br>11.2 En caso de que alguna de las disposiciones de este contrato no sea v\u00e1lida o pierda su validez debido a una circunstancia posterior, esto no afectar\u00e1 a la validez del resto de las disposiciones.<br>La validez del resto del contrato no se ver\u00e1 afectada. Las disposiciones contractuales inv\u00e1lidas se sustituir\u00e1n por una disposici\u00f3n que se aproxime lo m\u00e1s posible a la intenci\u00f3n de las partes.<br>habr\u00edan querido las partes si hubieran considerado el punto en cuesti\u00f3n. Lo mismo cabe decir de las lagunas de este contrato.<br>11.3 El lugar de cumplimiento es el domicilio social del organizador.<br><br>ESTADO 01.03.2026<\/p>","protected":false},"excerpt":{"rendered":"<p>Allgemeine Gesch\u00e4ftsbedingungen und Teilnahmebedingungen f\u00fcr Veranstaltungen der Junior Golf Masters VeranstaltungJugendgolfturniereVeranstalterJunior Golf Masters,Angela Bickmann, Castroper Hellweg 529, 44805 Bochum nachfolgend \u201cVeranstalter\u201d genannt1. Allgemeines1.1. DieseAllgemeinen Gesch\u00e4ftsbedingungen (\u201eAGB\u201c) gelten f\u00fcr die Teilnahme f\u00fcr obenstehende Veranstaltung, ausgerichtet durch den obenstehendenVeranstalter. Abweichende Gesch\u00e4ftsbedingungen des Teilnehmers haben keine G\u00fcltigkeit.1.2. Der Veranstalter beh\u00e4lt sich \u00c4nderungen und Erg\u00e4nzungen dieser Reglungen vor. M\u00f6gliche [&hellip;]<\/p>","protected":false},"author":1,"featured_media":0,"parent":0,"menu_order":0,"comment_status":"closed","ping_status":"closed","template":"","meta":{"footnotes":""},"class_list":["post-1625","page","type-page","status-publish","hentry"],"blocksy_meta":[],"_links":{"self":[{"href":"https:\/\/jgm24.de\/es\/wp-json\/wp\/v2\/pages\/1625","targetHints":{"allow":["GET"]}}],"collection":[{"href":"https:\/\/jgm24.de\/es\/wp-json\/wp\/v2\/pages"}],"about":[{"href":"https:\/\/jgm24.de\/es\/wp-json\/wp\/v2\/types\/page"}],"author":[{"embeddable":true,"href":"https:\/\/jgm24.de\/es\/wp-json\/wp\/v2\/users\/1"}],"replies":[{"embeddable":true,"href":"https:\/\/jgm24.de\/es\/wp-json\/wp\/v2\/comments?post=1625"}],"version-history":[{"count":3,"href":"https:\/\/jgm24.de\/es\/wp-json\/wp\/v2\/pages\/1625\/revisions"}],"predecessor-version":[{"id":11297,"href":"https:\/\/jgm24.de\/es\/wp-json\/wp\/v2\/pages\/1625\/revisions\/11297"}],"wp:attachment":[{"href":"https:\/\/jgm24.de\/es\/wp-json\/wp\/v2\/media?parent=1625"}],"curies":[{"name":"wp","href":"https:\/\/api.w.org\/{rel}","templated":true}]}}